{"id":3412,"date":"2024-06-04T19:34:05","date_gmt":"2024-06-04T19:34:05","guid":{"rendered":"https:\/\/ivx.lxh.temporary.site\/website_68e10a99\/?page_id=3412"},"modified":"2024-06-11T15:41:17","modified_gmt":"2024-06-11T15:41:17","slug":"request-service","status":"publish","type":"page","link":"https:\/\/repairware.soon2come.website\/fr\/request-service\/","title":{"rendered":"Request Service"},"content":{"rendered":"<div data-elementor-type=\"wp-page\" data-elementor-id=\"3412\" class=\"elementor elementor-3412\">\n\t\t\t\t<div class=\"elementor-element elementor-element-e8bea73 e-flex e-con-boxed e-con e-parent\" data-id=\"e8bea73\" data-element_type=\"container\" data-e-type=\"container\" data-settings=\"{&quot;background_background&quot;:&quot;classic&quot;}\" data-no-translation=\"\">\n\t\t\t\t\t<div class=\"e-con-inner\">\n\t\t\t\t<div class=\"elementor-element elementor-element-299bc15 elementor-widget elementor-widget-heading\" data-id=\"299bc15\" data-element_type=\"widget\" data-e-type=\"widget\" data-widget_type=\"heading.default\">\n\t\t\t\t<div class=\"elementor-widget-container\">\n\t\t\t\t\t<h2 class=\"elementor-heading-title elementor-size-default\">REQUEST <font color=\"#00aae8\">SERVICE<\/font><\/h2>\t\t\t\t<\/div>\n\t\t\t\t<\/div>\n\t\t\t\t<div class=\"elementor-element elementor-element-a10064c elementor-widget-divider--view-line_icon elementor-view-default elementor-widget-divider--element-align-center elementor-widget elementor-widget-divider\" data-id=\"a10064c\" data-element_type=\"widget\" data-e-type=\"widget\" data-widget_type=\"divider.default\">\n\t\t\t\t<div class=\"elementor-widget-container\">\n\t\t\t\t\t\t\t<div class=\"elementor-divider\">\n\t\t\t<span class=\"elementor-divider-separator\">\n\t\t\t\t\t\t\t<div class=\"elementor-icon elementor-divider__element\">\n\t\t\t\t\t<svg aria-hidden=\"true\" class=\"e-font-icon-svg e-fas-leaf\" viewbox=\"0 0 576 512\" xmlns=\"http:\/\/www.w3.org\/2000\/svg\"><path d=\"M546.2 9.7c-5.6-12.5-21.6-13-28.3-1.2C486.9 62.4 431.4 96 368 96h-80C182 96 96 182 96 288c0 7 .8 13.7 1.5 20.5C161.3 262.8 253.4 224 384 224c8.8 0 16 7.2 16 16s-7.2 16-16 16C132.6 256 26 410.1 2.4 468c-6.6 16.3 1.2 34.9 17.5 41.6 16.4 6.8 35-1.1 41.8-17.3 1.5-3.6 20.9-47.9 71.9-90.6 32.4 43.9 94 85.8 174.9 77.2C465.5 467.5 576 326.7 576 154.3c0-50.2-10.8-102.2-29.8-144.6z\"><\/path><\/svg><\/div>\n\t\t\t\t\t\t<\/span>\n\t\t<\/div>\n\t\t\t\t\t\t<\/div>\n\t\t\t\t<\/div>\n\t\t\t\t<div class=\"elementor-element elementor-element-6b0887c elementor-widget elementor-widget-text-editor\" data-id=\"6b0887c\" data-element_type=\"widget\" data-e-type=\"widget\" data-widget_type=\"text-editor.default\">\n\t\t\t\t<div class=\"elementor-widget-container\">\n\t\t\t\t\t\t\t\t\t<p>S&#8217;il vous pla\u00eet remplir le formulaire de demande de service ci-dessous et un repr\u00e9sentant du service \u00e0 la client\u00e8le RepareWare communiquera avec vous pour confirmer votre rendez-vous.<\/p>\t\t\t\t\t\t\t\t<\/div>\n\t\t\t\t<\/div>\n\t\t\t\t<div class=\"elementor-element elementor-element-83bbd49 elementor-widget__width-initial elementor-widget elementor-widget-wpforms\" data-id=\"83bbd49\" data-element_type=\"widget\" data-e-type=\"widget\" data-widget_type=\"wpforms.default\">\n\t\t\t\t<div class=\"elementor-widget-container\">\n\t\t\t\t\t<style id=\"wpforms-css-vars-elementor-widget-83bbd49\">\n\t\t\t\t.elementor-widget-wpforms.elementor-element-83bbd49 {\n\t\t\t\t\t--wpforms-field-border-radius: 5px;\n--wpforms-field-size-input-height: 31px;\n--wpforms-field-size-input-spacing: 10px;\n--wpforms-field-size-font-size: 14px;\n--wpforms-field-size-line-height: 17px;\n--wpforms-field-size-padding-h: 9px;\n--wpforms-field-size-checkbox-size: 14px;\n--wpforms-field-size-sublabel-spacing: 5px;\n--wpforms-field-size-icon-size: 0.75;\n--wpforms-label-size-font-size: 16px;\n--wpforms-label-size-line-height: 19px;\n--wpforms-label-size-sublabel-font-size: 14px;\n--wpforms-label-size-sublabel-line-height: 17px;\n--wpforms-button-size-font-size: 14px;\n--wpforms-button-size-height: 37px;\n--wpforms-button-size-padding-h: 15px;\n--wpforms-button-size-margin-top: 5px;\n\n\t\t\t\t}\n\t\t\t<\/style><div class=\"wpforms-container wpforms-container-full wpforms-render-modern\" id=\"wpforms-5808\"><form id=\"wpforms-form-5808\" class=\"wpforms-validate wpforms-form wpforms-ajax-form\" data-formid=\"5808\" method=\"post\" enctype=\"multipart\/form-data\" action=\"\/fr\/wp-json\/wp\/v2\/pages\/3412\" data-token=\"fd5d3deccbb53f9b1d7c746e0f2af64f\" data-token-time=\"1778693159\" data-trp-original-action=\"\/fr\/wp-json\/wp\/v2\/pages\/3412\"><noscript class=\"wpforms-error-noscript\">Please enable JavaScript in your browser to complete this form.<\/noscript><div class=\"wpforms-hidden\" id=\"wpforms-error-noscript\">Please enable JavaScript in your browser to complete this form.<\/div><div class=\"wpforms-field-container\"><div id=\"wpforms-5808-field_1-container\" class=\"wpforms-field wpforms-field-name wpforms-one-third wpforms-first\" data-field-id=\"1\"><label class=\"wpforms-field-label wpforms-label-hide\" for=\"wpforms-5808-field_1\" aria-hidden=\"false\">Name <span class=\"wpforms-required-label\" aria-hidden=\"true\">*<\/span><\/label><input type=\"text\" id=\"wpforms-5808-field_1\" class=\"wpforms-field-large wpforms-field-required\" name=\"wpforms[fields][1]\" placeholder=\"Nom\" aria-errormessage=\"wpforms-5808-field_1-error\" required><\/div><div id=\"wpforms-5808-field_2-container\" class=\"wpforms-field wpforms-field-email wpforms-one-third\" data-field-id=\"2\"><label class=\"wpforms-field-label wpforms-label-hide\" for=\"wpforms-5808-field_2\" aria-hidden=\"false\">Email <span class=\"wpforms-required-label\" aria-hidden=\"true\">*<\/span><\/label><input type=\"email\" id=\"wpforms-5808-field_2\" class=\"wpforms-field-large wpforms-field-required\" name=\"wpforms[fields][2]\" placeholder=\"Courriel\" spellcheck=\"false\" aria-errormessage=\"wpforms-5808-field_2-error\" required><\/div><div id=\"wpforms-5808-field_3-container\" class=\"wpforms-field wpforms-field-text wpforms-one-third\" data-field-id=\"3\"><label class=\"wpforms-field-label wpforms-label-hide\" for=\"wpforms-5808-field_3\" aria-hidden=\"false\">Phone Number <span class=\"wpforms-required-label\" aria-hidden=\"true\">*<\/span><\/label><input type=\"text\" id=\"wpforms-5808-field_3\" class=\"wpforms-field-large wpforms-field-required\" name=\"wpforms[fields][3]\" placeholder=\"Tel.\" aria-errormessage=\"wpforms-5808-field_3-error\" required><\/div><div id=\"wpforms-5808-field_4-container\" class=\"wpforms-field wpforms-field-text wpforms-one-third wpforms-first\" data-field-id=\"4\"><label class=\"wpforms-field-label wpforms-label-hide\" for=\"wpforms-5808-field_4\" aria-hidden=\"false\">Adresse <span class=\"wpforms-required-label\" aria-hidden=\"true\">*<\/span><\/label><input type=\"text\" id=\"wpforms-5808-field_4\" class=\"wpforms-field-large wpforms-field-required\" name=\"wpforms[fields][4]\" placeholder=\"Adresse\" aria-errormessage=\"wpforms-5808-field_4-error\" required><\/div><div id=\"wpforms-5808-field_5-container\" class=\"wpforms-field wpforms-field-text wpforms-one-third\" data-field-id=\"5\"><label class=\"wpforms-field-label wpforms-label-hide\" for=\"wpforms-5808-field_5\" aria-hidden=\"false\">City <span class=\"wpforms-required-label\" aria-hidden=\"true\">*<\/span><\/label><input type=\"text\" id=\"wpforms-5808-field_5\" class=\"wpforms-field-large wpforms-field-required\" name=\"wpforms[fields][5]\" placeholder=\"Ville\" aria-errormessage=\"wpforms-5808-field_5-error\" required><\/div><div id=\"wpforms-5808-field_6-container\" class=\"wpforms-field wpforms-field-text wpforms-one-third\" data-field-id=\"6\"><label class=\"wpforms-field-label wpforms-label-hide\" for=\"wpforms-5808-field_6\" aria-hidden=\"false\">Postal Code <span class=\"wpforms-required-label\" aria-hidden=\"true\">*<\/span><\/label><input type=\"text\" id=\"wpforms-5808-field_6\" class=\"wpforms-field-large wpforms-field-required\" name=\"wpforms[fields][6]\" placeholder=\"Code Postal\" aria-errormessage=\"wpforms-5808-field_6-error\" required><\/div><div id=\"wpforms-5808-field_10-container\" class=\"wpforms-field wpforms-field-date-time\" data-field-id=\"10\"><fieldset><legend class=\"wpforms-field-label wpforms-label-hide\" aria-hidden=\"false\">Date \/ Time <span class=\"wpforms-required-label\" aria-hidden=\"true\">*<\/span><\/legend><div class=\"wpforms-field-row wpforms-field-medium\"><div class=\"wpforms-field-row-block wpforms-date-type-datepicker\"><div class=\"wpforms-datepicker-wrap\"><input type=\"text\" id=\"wpforms-5808-field_10\" class=\"wpforms-field-date-time-date wpforms-datepicker wpforms-field-required\" data-date-format=\"m\/d\/Y\" data-disable-past-dates=\"1\" data-input=\"true\" name=\"wpforms[fields][10][date]\" placeholder=\"Cliquez ici pour choisir une date\" aria-errormessage=\"wpforms-5808-field_10-error\" required><a title=\"Clear Date\" data-clear class=\"wpforms-datepicker-clear\" style=\"display:none;\"><\/a><\/div><label for=\"wpforms-5808-field_10\" class=\"wpforms-field-sublabel after wpforms-sublabel-hide\">Date<\/label><\/div><div class=\"wpforms-field-row-block\"><input type=\"text\" id=\"wpforms-5808-field_10-time\" class=\"wpforms-field-date-time-time wpforms-timepicker wpforms-field-required\" data-time-format=\"g:i A\" data-step=\"30\" data-rule-time12h=\"true\" data-min-time=\"08:30am\" data-max-time=\"05:00pm\" data-rule-time-limit=\"true\" name=\"wpforms[fields][10][time]\" placeholder=\"Veuillez une heur qui vous convient\" aria-errormessage=\"wpforms-5808-field_10-time-error\" required><label for=\"wpforms-5808-field_10-time\" class=\"wpforms-field-sublabel after wpforms-sublabel-hide\">Time<\/label><\/div><\/div><\/fieldset><\/div><div id=\"wpforms-5808-field_9-container\" class=\"wpforms-field wpforms-field-textarea\" data-field-id=\"9\"><label class=\"wpforms-field-label wpforms-label-hide\" for=\"wpforms-5808-field_9\" aria-hidden=\"false\">Message <span class=\"wpforms-required-label\" aria-hidden=\"true\">*<\/span><\/label><textarea id=\"wpforms-5808-field_9\" class=\"wpforms-field-medium wpforms-field-required\" name=\"wpforms[fields][9]\" placeholder=\"Veuillez decrire le probleme que vous eprouvez\" aria-errormessage=\"wpforms-5808-field_9-error\" required><\/textarea><\/div><\/div><!-- .wpforms-field-container --><div class=\"wpforms-submit-container\" ><input type=\"hidden\" name=\"wpforms[id]\" value=\"5808\"><input type=\"hidden\" name=\"page_title\" value=\"\"><input type=\"hidden\" name=\"page_url\" value=\"https:\/\/repairware.soon2come.website\/fr\/wp-json\/wp\/v2\/pages\/3412\"><button type=\"submit\" name=\"wpforms[submit]\" id=\"wpforms-submit-5808\" class=\"wpforms-submit\" data-alt-text=\"Sending...\" data-submit-text=\"Submit\" aria-live=\"assertive\" value=\"wpforms-submit\">Submit<\/button><img decoding=\"async\" src=\"https:\/\/repairware.soon2come.website\/wp-content\/plugins\/wpforms\/assets\/images\/submit-spin.svg\" class=\"wpforms-submit-spinner\" style=\"display: none;\" width=\"26\" height=\"26\" alt=\"Loading\"><\/div><input type=\"hidden\" name=\"trp-form-language\" value=\"fr\"\/><\/form><\/div>  <!-- .wpforms-container -->\t\t\t\t<\/div>\n\t\t\t\t<\/div>\n\t\t\t\t\t<\/div>\n\t\t\t\t<\/div>\n\t\t\t\t<\/div>","protected":false},"excerpt":{"rendered":"<p>REQUEST SERVICE Please complete the request for service form below and a Repairware Customer Service Representative will contact you to [&hellip;]<\/p>","protected":false},"author":1,"featured_media":0,"parent":0,"menu_order":0,"comment_status":"closed","ping_status":"closed","template":"","meta":{"site-sidebar-layout":"no-sidebar","site-content-layout":"","ast-site-content-layout":"full-width-container","site-content-style":"default","site-sidebar-style":"default","ast-global-header-display":"","ast-banner-title-visibility":"","ast-main-header-display":"","ast-hfb-above-header-display":"","ast-hfb-below-header-display":"","ast-hfb-mobile-header-display":"","site-post-title":"disabled","ast-breadcrumbs-content":"","ast-featured-img":"disabled","footer-sml-layout":"","ast-disable-related-posts":"","theme-transparent-header-meta":"","adv-header-id-meta":"","stick-header-meta":"","header-above-stick-meta":"","header-main-stick-meta":"","header-below-stick-meta":"","astra-migrate-meta-layouts":"default","ast-page-background-enabled":"default","ast-page-background-meta":{"desktop":{"background-color":"var(--ast-global-color-4)","background-image":"","background-repeat":"repeat","background-position":"center center","background-size":"auto","background-attachment":"scroll","background-type":"","background-media":"","overlay-type":"","overlay-color":"","overlay-opacity":"","overlay-gradient":""},"tablet":{"background-color":"","background-image":"","background-repeat":"repeat","background-position":"center center","background-size":"auto","background-attachment":"scroll","background-type":"","background-media":"","overlay-type":"","overlay-color":"","overlay-opacity":"","overlay-gradient":""},"mobile":{"background-color":"","background-image":"","background-repeat":"repeat","background-position":"center center","background-size":"auto","background-attachment":"scroll","background-type":"","background-media":"","overlay-type":"","overlay-color":"","overlay-opacity":"","overlay-gradient":""}},"ast-content-background-meta":{"desktop":{"background-color":"var(--ast-global-color-5)","background-image":"","background-repeat":"repeat","background-position":"center center","background-size":"auto","background-attachment":"scroll","background-type":"","background-media":"","overlay-type":"","overlay-color":"","overlay-opacity":"","overlay-gradient":""},"tablet":{"background-color":"var(--ast-global-color-5)","background-image":"","background-repeat":"repeat","background-position":"center center","background-size":"auto","background-attachment":"scroll","background-type":"","background-media":"","overlay-type":"","overlay-color":"","overlay-opacity":"","overlay-gradient":""},"mobile":{"background-color":"var(--ast-global-color-5)","background-image":"","background-repeat":"repeat","background-position":"center center","background-size":"auto","background-attachment":"scroll","background-type":"","background-media":"","overlay-type":"","overlay-color":"","overlay-opacity":"","overlay-gradient":""}},"footnotes":""},"class_list":["post-3412","page","type-page","status-publish","hentry"],"yoast_head":"<!-- This site is optimized with the Yoast SEO plugin v27.6 - https:\/\/yoast.com\/product\/yoast-seo-wordpress\/ -->\n<title>Request Service - RepairWare<\/title>\n<meta name=\"robots\" content=\"index, follow, max-snippet:-1, max-image-preview:large, max-video-preview:-1\" \/>\n<link rel=\"canonical\" href=\"https:\/\/repairware.soon2come.website\/fr\/request-service\/\" \/>\n<meta property=\"og:locale\" content=\"fr_CA\" \/>\n<meta property=\"og:type\" content=\"article\" \/>\n<meta property=\"og:title\" content=\"Request Service - RepairWare\" \/>\n<meta property=\"og:description\" content=\"REQUEST SERVICE Please complete the request for service form below and a Repairware Customer Service Representative will contact you to [&hellip;]\" \/>\n<meta property=\"og:url\" content=\"https:\/\/repairware.soon2come.website\/fr\/request-service\/\" \/>\n<meta property=\"og:site_name\" content=\"RepairWare\" \/>\n<meta property=\"article:modified_time\" content=\"2024-06-11T15:41:17+00:00\" \/>\n<meta property=\"og:image\" content=\"https:\/\/repairware.soon2come.website\/wp-content\/plugins\/wpforms\/assets\/images\/submit-spin.svg\" \/>\n<meta name=\"twitter:card\" content=\"summary_large_image\" \/>\n<meta name=\"twitter:label1\" content=\"Estimation du temps de lecture\" \/>\n\t<meta name=\"twitter:data1\" content=\"1 minute\" \/>\n<script type=\"application\/ld+json\" class=\"yoast-schema-graph\">{\"@context\":\"https:\\\/\\\/schema.org\",\"@graph\":[{\"@type\":\"WebPage\",\"@id\":\"https:\\\/\\\/repairware.soon2come.website\\\/request-service\\\/\",\"url\":\"https:\\\/\\\/repairware.soon2come.website\\\/request-service\\\/\",\"name\":\"Request Service - RepairWare\",\"isPartOf\":{\"@id\":\"https:\\\/\\\/ivx.lxh.temporary.site\\\/website_68e10a99\\\/#website\"},\"primaryImageOfPage\":{\"@id\":\"https:\\\/\\\/repairware.soon2come.website\\\/request-service\\\/#primaryimage\"},\"image\":{\"@id\":\"https:\\\/\\\/repairware.soon2come.website\\\/request-service\\\/#primaryimage\"},\"thumbnailUrl\":\"https:\\\/\\\/repairware.soon2come.website\\\/wp-content\\\/plugins\\\/wpforms\\\/assets\\\/images\\\/submit-spin.svg\",\"datePublished\":\"2024-06-04T19:34:05+00:00\",\"dateModified\":\"2024-06-11T15:41:17+00:00\",\"breadcrumb\":{\"@id\":\"https:\\\/\\\/repairware.soon2come.website\\\/request-service\\\/#breadcrumb\"},\"inLanguage\":\"fr-CA\",\"potentialAction\":[{\"@type\":\"ReadAction\",\"target\":[\"https:\\\/\\\/repairware.soon2come.website\\\/request-service\\\/\"]}]},{\"@type\":\"ImageObject\",\"inLanguage\":\"fr-CA\",\"@id\":\"https:\\\/\\\/repairware.soon2come.website\\\/request-service\\\/#primaryimage\",\"url\":\"https:\\\/\\\/repairware.soon2come.website\\\/wp-content\\\/plugins\\\/wpforms\\\/assets\\\/images\\\/submit-spin.svg\",\"contentUrl\":\"https:\\\/\\\/repairware.soon2come.website\\\/wp-content\\\/plugins\\\/wpforms\\\/assets\\\/images\\\/submit-spin.svg\"},{\"@type\":\"BreadcrumbList\",\"@id\":\"https:\\\/\\\/repairware.soon2come.website\\\/request-service\\\/#breadcrumb\",\"itemListElement\":[{\"@type\":\"ListItem\",\"position\":1,\"name\":\"Home\",\"item\":\"https:\\\/\\\/repairware.soon2come.website\\\/\"},{\"@type\":\"ListItem\",\"position\":2,\"name\":\"Request Service\"}]},{\"@type\":\"WebSite\",\"@id\":\"https:\\\/\\\/ivx.lxh.temporary.site\\\/website_68e10a99\\\/#website\",\"url\":\"https:\\\/\\\/ivx.lxh.temporary.site\\\/website_68e10a99\\\/\",\"name\":\"RepairWare\",\"description\":\"\",\"publisher\":{\"@id\":\"https:\\\/\\\/ivx.lxh.temporary.site\\\/website_68e10a99\\\/#organization\"},\"potentialAction\":[{\"@type\":\"SearchAction\",\"target\":{\"@type\":\"EntryPoint\",\"urlTemplate\":\"https:\\\/\\\/ivx.lxh.temporary.site\\\/website_68e10a99\\\/?s={search_term_string}\"},\"query-input\":{\"@type\":\"PropertyValueSpecification\",\"valueRequired\":true,\"valueName\":\"search_term_string\"}}],\"inLanguage\":\"fr-CA\"},{\"@type\":\"Organization\",\"@id\":\"https:\\\/\\\/ivx.lxh.temporary.site\\\/website_68e10a99\\\/#organization\",\"name\":\"RepairWare\",\"url\":\"https:\\\/\\\/ivx.lxh.temporary.site\\\/website_68e10a99\\\/\",\"logo\":{\"@type\":\"ImageObject\",\"inLanguage\":\"fr-CA\",\"@id\":\"https:\\\/\\\/ivx.lxh.temporary.site\\\/website_68e10a99\\\/#\\\/schema\\\/logo\\\/image\\\/\",\"url\":\"https:\\\/\\\/repairware.soon2come.website\\\/wp-content\\\/uploads\\\/2024\\\/06\\\/repairware_logo-2.png\",\"contentUrl\":\"https:\\\/\\\/repairware.soon2come.website\\\/wp-content\\\/uploads\\\/2024\\\/06\\\/repairware_logo-2.png\",\"width\":400,\"height\":163,\"caption\":\"RepairWare\"},\"image\":{\"@id\":\"https:\\\/\\\/ivx.lxh.temporary.site\\\/website_68e10a99\\\/#\\\/schema\\\/logo\\\/image\\\/\"}}]}<\/script>\n<!-- \/ Yoast SEO plugin. -->","yoast_head_json":{"title":"Request Service - RepairWare","robots":{"index":"index","follow":"follow","max-snippet":"max-snippet:-1","max-image-preview":"max-image-preview:large","max-video-preview":"max-video-preview:-1"},"canonical":"https:\/\/repairware.soon2come.website\/fr\/request-service\/","og_locale":"fr_CA","og_type":"article","og_title":"Request Service - RepairWare","og_description":"REQUEST SERVICE Please complete the request for service form below and a Repairware Customer Service Representative will contact you to [&hellip;]","og_url":"https:\/\/repairware.soon2come.website\/fr\/request-service\/","og_site_name":"RepairWare","article_modified_time":"2024-06-11T15:41:17+00:00","og_image":[{"url":"https:\/\/repairware.soon2come.website\/wp-content\/plugins\/wpforms\/assets\/images\/submit-spin.svg","type":"","width":"","height":""}],"twitter_card":"summary_large_image","twitter_misc":{"Estimation du temps de lecture":"1 minute"},"schema":{"@context":"https:\/\/schema.org","@graph":[{"@type":"WebPage","@id":"https:\/\/repairware.soon2come.website\/request-service\/","url":"https:\/\/repairware.soon2come.website\/request-service\/","name":"Request Service - RepairWare","isPartOf":{"@id":"https:\/\/ivx.lxh.temporary.site\/website_68e10a99\/#website"},"primaryImageOfPage":{"@id":"https:\/\/repairware.soon2come.website\/request-service\/#primaryimage"},"image":{"@id":"https:\/\/repairware.soon2come.website\/request-service\/#primaryimage"},"thumbnailUrl":"https:\/\/repairware.soon2come.website\/wp-content\/plugins\/wpforms\/assets\/images\/submit-spin.svg","datePublished":"2024-06-04T19:34:05+00:00","dateModified":"2024-06-11T15:41:17+00:00","breadcrumb":{"@id":"https:\/\/repairware.soon2come.website\/request-service\/#breadcrumb"},"inLanguage":"fr-CA","potentialAction":[{"@type":"ReadAction","target":["https:\/\/repairware.soon2come.website\/request-service\/"]}]},{"@type":"ImageObject","inLanguage":"fr-CA","@id":"https:\/\/repairware.soon2come.website\/request-service\/#primaryimage","url":"https:\/\/repairware.soon2come.website\/wp-content\/plugins\/wpforms\/assets\/images\/submit-spin.svg","contentUrl":"https:\/\/repairware.soon2come.website\/wp-content\/plugins\/wpforms\/assets\/images\/submit-spin.svg"},{"@type":"BreadcrumbList","@id":"https:\/\/repairware.soon2come.website\/request-service\/#breadcrumb","itemListElement":[{"@type":"ListItem","position":1,"name":"Home","item":"https:\/\/repairware.soon2come.website\/"},{"@type":"ListItem","position":2,"name":"Request Service"}]},{"@type":"WebSite","@id":"https:\/\/ivx.lxh.temporary.site\/website_68e10a99\/#website","url":"https:\/\/ivx.lxh.temporary.site\/website_68e10a99\/","name":"RepairWare","description":"","publisher":{"@id":"https:\/\/ivx.lxh.temporary.site\/website_68e10a99\/#organization"},"potentialAction":[{"@type":"SearchAction","target":{"@type":"EntryPoint","urlTemplate":"https:\/\/ivx.lxh.temporary.site\/website_68e10a99\/?s={search_term_string}"},"query-input":{"@type":"PropertyValueSpecification","valueRequired":true,"valueName":"search_term_string"}}],"inLanguage":"fr-CA"},{"@type":"Organization","@id":"https:\/\/ivx.lxh.temporary.site\/website_68e10a99\/#organization","name":"RepairWare","url":"https:\/\/ivx.lxh.temporary.site\/website_68e10a99\/","logo":{"@type":"ImageObject","inLanguage":"fr-CA","@id":"https:\/\/ivx.lxh.temporary.site\/website_68e10a99\/#\/schema\/logo\/image\/","url":"https:\/\/repairware.soon2come.website\/wp-content\/uploads\/2024\/06\/repairware_logo-2.png","contentUrl":"https:\/\/repairware.soon2come.website\/wp-content\/uploads\/2024\/06\/repairware_logo-2.png","width":400,"height":163,"caption":"RepairWare"},"image":{"@id":"https:\/\/ivx.lxh.temporary.site\/website_68e10a99\/#\/schema\/logo\/image\/"}}]}},"_links":{"self":[{"href":"https:\/\/repairware.soon2come.website\/fr\/wp-json\/wp\/v2\/pages\/3412","targetHints":{"allow":["GET"]}}],"collection":[{"href":"https:\/\/repairware.soon2come.website\/fr\/wp-json\/wp\/v2\/pages"}],"about":[{"href":"https:\/\/repairware.soon2come.website\/fr\/wp-json\/wp\/v2\/types\/page"}],"author":[{"embeddable":true,"href":"https:\/\/repairware.soon2come.website\/fr\/wp-json\/wp\/v2\/users\/1"}],"replies":[{"embeddable":true,"href":"https:\/\/repairware.soon2come.website\/fr\/wp-json\/wp\/v2\/comments?post=3412"}],"version-history":[{"count":20,"href":"https:\/\/repairware.soon2come.website\/fr\/wp-json\/wp\/v2\/pages\/3412\/revisions"}],"predecessor-version":[{"id":5834,"href":"https:\/\/repairware.soon2come.website\/fr\/wp-json\/wp\/v2\/pages\/3412\/revisions\/5834"}],"wp:attachment":[{"href":"https:\/\/repairware.soon2come.website\/fr\/wp-json\/wp\/v2\/media?parent=3412"}],"curies":[{"name":"wp","href":"https:\/\/api.w.org\/{rel}","templated":true}]}}